{"id":982,"date":"2025-02-26T10:12:32","date_gmt":"2025-02-26T10:12:32","guid":{"rendered":"https:\/\/louisagoebes.com\/?page_id=982"},"modified":"2025-02-26T10:13:43","modified_gmt":"2025-02-26T10:13:43","slug":"datenschutzerklarung","status":"publish","type":"page","link":"https:\/\/louisagoebes.com\/en\/datenschutzerklarung\/","title":{"rendered":"Privacy Policy"},"content":{"rendered":"<div data-elementor-type=\"wp-page\" data-elementor-id=\"982\" class=\"elementor elementor-982\" data-elementor-post-type=\"page\">\n\t\t\t\t<div class=\"elementor-element elementor-element-33c97f3 p-tb p-20 e-flex e-con-boxed e-con e-parent\" data-id=\"33c97f3\" data-element_type=\"container\" data-e-type=\"container\" data-settings=\"{&quot;background_background&quot;:&quot;gradient&quot;}\">\n\t\t\t\t\t<div class=\"e-con-inner\">\n\t\t\t\t\t<\/div>\n\t\t\t\t<\/div>\n\t\t<div class=\"elementor-element elementor-element-e1191ff p-tb p-lr e-flex e-con-boxed e-con e-parent\" data-id=\"e1191ff\" data-element_type=\"container\" data-e-type=\"container\">\n\t\t\t\t\t<div class=\"e-con-inner\">\n\t\t<div class=\"elementor-element elementor-element-1cf857e e-con-full e-flex e-con e-child\" data-id=\"1cf857e\" data-element_type=\"container\" data-e-type=\"container\" data-settings=\"{&quot;background_background&quot;:&quot;classic&quot;}\">\n\t\t\t\t<div class=\"elementor-element elementor-element-ea634c2 elementor-widget elementor-widget-text-editor\" data-id=\"ea634c2\" data-element_type=\"widget\" data-e-type=\"widget\" data-widget_type=\"text-editor.default\">\n\t\t\t\t\t\t\t\t\t<p><b>Privacy Policy<\/b><\/p><ol><li><b> General Information<\/b><span style=\"font-weight: 400;\"><br \/><\/span><span style=\"font-weight: 400;\">This privacy policy informs you about the type, scope, and purpose of the processing of personal data on our website in accordance with the General Data Protection Regulation (GDPR).<\/span><\/li><li><b> Responsible Entity<\/b><span style=\"font-weight: 400;\"><br \/><\/span><span style=\"font-weight: 400;\">The entity responsible for data processing on this website is:<\/span><\/li><\/ol><p><b>Louisa G\u00f6bes \u2013 U Turn Coaching<\/b><span style=\"font-weight: 400;\"><br \/><\/span><span style=\"font-weight: 400;\">Kornmarkt 8<\/span><span style=\"font-weight: 400;\"><br \/><\/span><span style=\"font-weight: 400;\">69117 Heidelberg<\/span><span style=\"font-weight: 400;\"><br \/><\/span><span style=\"font-weight: 400;\">Email: goebes.coaching@gmail.com<\/span><span style=\"font-weight: 400;\"><br \/><\/span><span style=\"font-weight: 400;\">Telephone: +49 176 41742810<\/span><\/p><ol start=\"3\"><li><b> Hosting and Server Log Files<\/b><span style=\"font-weight: 400;\"><br \/><\/span><span style=\"font-weight: 400;\">Our website is hosted by <\/span><b>IONOS<\/b><span style=\"font-weight: 400;\"> hosted. When visiting our website, the server automatically stores access data (so-called server log files), including:<\/span><\/li><\/ol><ul><li style=\"font-weight: 400;\" aria-level=\"1\"><span style=\"font-weight: 400;\">Pages visited<\/span><\/li><li style=\"font-weight: 400;\" aria-level=\"1\"><span style=\"font-weight: 400;\">Date and time of access<\/span><\/li><li style=\"font-weight: 400;\" aria-level=\"1\"><span style=\"font-weight: 400;\">Browsertyp und -version<\/span><\/li><li style=\"font-weight: 400;\" aria-level=\"1\"><span style=\"font-weight: 400;\">Operating system<\/span><\/li><li style=\"font-weight: 400;\" aria-level=\"1\"><span style=\"font-weight: 400;\">IP address (anonymized)<\/span><\/li><\/ul><p><span style=\"font-weight: 400;\">These data are used exclusively to ensure the smooth operation of the website and are not combined with other data sources.<\/span><\/p><ol start=\"4\"><li><b> Contact form<\/b><span style=\"font-weight: 400;\"><br \/><\/span><span style=\"font-weight: 400;\">If you send us inquiries via the contact form, your details, including the contact information you provide, will be stored for the purpose of processing the request. We do not share this data without your consent.<\/span><\/li><li><b> Online coaching via Zoom<\/b><span style=\"font-weight: 400;\"><br \/><\/span><span style=\"font-weight: 400;\">For online coaching, we use the service \"Zoom\" provided by the provider. <\/span><b>Zoom Video Communications, Inc.<\/b><span style=\"font-weight: 400;\"> based in the USA. The processing of personal data is carried out based on Article 6(1)(b) of the GDPR. Please refer to Zoom's privacy policy: [https:\/\/zoom.us\/de-de\/privacy.html](https:\/\/zoom.us\/de-de\/privacy.html).<\/span><\/li><li><b> Google Maps<\/b><span style=\"font-weight: 400;\"><br \/><\/span><span style=\"font-weight: 400;\">This website uses the Google Maps mapping service. The provider is <\/span><b>Google Ireland Limited<\/b><span style=\"font-weight: 400;\">Gordon House, Barrow Street, Dublin 4, Ireland. To use the functions of Google Maps, your IP address will be stored. For more information, please refer to Google's privacy policy: [https:\/\/policies.google.com\/privacy](https:\/\/policies.google.com\/privacy).<\/span><\/li><li><b> Cookies and analytics tools<\/b><span style=\"font-weight: 400;\"><br \/><\/span><span style=\"font-weight: 400;\">Currently, we do not use cookies or analytics tools. If we use tools like this in the future, <\/span><b>Google Analytics<\/b><span style=\"font-weight: 400;\"> oder <\/span><b>Matomo<\/b><span style=\"font-weight: 400;\"> If we use such tools in the future, this privacy policy will be updated accordingly. You always have the option to prevent cookies from being set through your browser settings.<\/span><\/li><li><b> Your Rights<\/b><span style=\"font-weight: 400;\"><br \/><\/span><span style=\"font-weight: 400;\">\"You have the right to:\"<\/span><\/li><\/ol><ul><li style=\"font-weight: 400;\" aria-level=\"1\"><span style=\"font-weight: 400;\">Information about your stored data (Art. 15 GDPR)<\/span><\/li><li style=\"font-weight: 400;\" aria-level=\"1\"><span style=\"font-weight: 400;\">Correction of incorrect data (Art. 16 GDPR)<\/span><\/li><li style=\"font-weight: 400;\" aria-level=\"1\"><span style=\"font-weight: 400;\">Deletion of your data (Art. 17 GDPR)<\/span><\/li><li style=\"font-weight: 400;\" aria-level=\"1\"><span style=\"font-weight: 400;\">Restriction of processing (Art. 18 GDPR)<\/span><\/li><li style=\"font-weight: 400;\" aria-level=\"1\"><span style=\"font-weight: 400;\">Data portability (Art. 20 GDPR)<\/span><\/li><li style=\"font-weight: 400;\" aria-level=\"1\"><span style=\"font-weight: 400;\">Objection to processing (Art. 21 GDPR<\/span><\/li><\/ul><p><span style=\"font-weight: 400;\">To exercise your rights, you can contact us at any time using the contact details provided above.<\/span><\/p><ol start=\"9\"><li><b> Status of the privacy policy<\/b><\/li><\/ol><p><span style=\"font-weight: 400;\">22.02.2025<\/span><\/p>\t\t\t\t\t\t\t\t<\/div>\n\t\t\t\t<\/div>\n\t\t\t\t\t<\/div>\n\t\t\t\t<\/div>\n\t\t\t\t<\/div>","protected":false},"excerpt":{"rendered":"<p>Datenschutzerkl\u00e4rung Allgemeine HinweiseDiese Datenschutzerkl\u00e4rung informiert Sie \u00fcber die Art, den Umfang und den Zweck der Verarbeitung personenbezogener Daten auf unserer Website gem\u00e4\u00df der Datenschutz-Grundverordnung (DSGVO). Verantwortliche StelleVerantwortlich f\u00fcr die Datenverarbeitung auf dieser Website ist: Louisa G\u00f6bes &#8211; U Turn CoachingKornmarkt 869117 HeidelbergE-Mail: goebes.coaching@gmail.comTelefon: +49 176 41742810 Hosting und Server-LogfilesUnsere Website wird bei IONOS gehostet. Beim [&hellip;]<\/p>\n","protected":false},"author":1,"featured_media":0,"parent":0,"menu_order":0,"comment_status":"closed","ping_status":"closed","template":"","meta":{"_acf_changed":false,"footnotes":""},"class_list":["post-982","page","type-page","status-publish","hentry"],"acf":[],"yoast_head":"<!-- This site is optimized with the Yoast SEO plugin v27.3 - https:\/\/yoast.com\/product\/yoast-seo-wordpress\/ -->\n<title>Datenschutzerkl\u00e4rung - U Turn Coaching<\/title>\n<meta name=\"robots\" content=\"index, follow, max-snippet:-1, max-image-preview:large, max-video-preview:-1\" \/>\n<link rel=\"canonical\" href=\"https:\/\/louisagoebes.com\/en\/datenschutzerklarung\/\" \/>\n<meta property=\"og:locale\" content=\"en_US\" \/>\n<meta property=\"og:type\" content=\"article\" \/>\n<meta property=\"og:title\" content=\"Datenschutzerkl\u00e4rung - U Turn Coaching\" \/>\n<meta property=\"og:description\" content=\"Datenschutzerkl\u00e4rung Allgemeine HinweiseDiese Datenschutzerkl\u00e4rung informiert Sie \u00fcber die Art, den Umfang und den Zweck der Verarbeitung personenbezogener Daten auf unserer Website gem\u00e4\u00df der Datenschutz-Grundverordnung (DSGVO). Verantwortliche StelleVerantwortlich f\u00fcr die Datenverarbeitung auf dieser Website ist: Louisa G\u00f6bes &#8211; U Turn CoachingKornmarkt 869117 HeidelbergE-Mail: goebes.coaching@gmail.comTelefon: +49 176 41742810 Hosting und Server-LogfilesUnsere Website wird bei IONOS gehostet. Beim [&hellip;]\" \/>\n<meta property=\"og:url\" content=\"https:\/\/louisagoebes.com\/en\/datenschutzerklarung\/\" \/>\n<meta property=\"og:site_name\" content=\"U Turn Coaching\" \/>\n<meta property=\"article:modified_time\" content=\"2025-02-26T10:13:43+00:00\" \/>\n<meta name=\"twitter:card\" content=\"summary_large_image\" \/>\n<meta name=\"twitter:label1\" content=\"Est. reading time\" \/>\n\t<meta name=\"twitter:data1\" content=\"2 minutes\" \/>\n<script type=\"application\/ld+json\" class=\"yoast-schema-graph\">{\"@context\":\"https:\\\/\\\/schema.org\",\"@graph\":[{\"@type\":\"WebPage\",\"@id\":\"https:\\\/\\\/louisagoebes.com\\\/datenschutzerklarung\\\/\",\"url\":\"https:\\\/\\\/louisagoebes.com\\\/datenschutzerklarung\\\/\",\"name\":\"Datenschutzerkl\u00e4rung - U Turn Coaching\",\"isPartOf\":{\"@id\":\"https:\\\/\\\/louisagoebes.com\\\/#website\"},\"datePublished\":\"2025-02-26T10:12:32+00:00\",\"dateModified\":\"2025-02-26T10:13:43+00:00\",\"breadcrumb\":{\"@id\":\"https:\\\/\\\/louisagoebes.com\\\/datenschutzerklarung\\\/#breadcrumb\"},\"inLanguage\":\"en-US\",\"potentialAction\":[{\"@type\":\"ReadAction\",\"target\":[\"https:\\\/\\\/louisagoebes.com\\\/datenschutzerklarung\\\/\"]}]},{\"@type\":\"BreadcrumbList\",\"@id\":\"https:\\\/\\\/louisagoebes.com\\\/datenschutzerklarung\\\/#breadcrumb\",\"itemListElement\":[{\"@type\":\"ListItem\",\"position\":1,\"name\":\"Home\",\"item\":\"https:\\\/\\\/louisagoebes.com\\\/\"},{\"@type\":\"ListItem\",\"position\":2,\"name\":\"Datenschutzerkl\u00e4rung\"}]},{\"@type\":\"WebSite\",\"@id\":\"https:\\\/\\\/louisagoebes.com\\\/#website\",\"url\":\"https:\\\/\\\/louisagoebes.com\\\/\",\"name\":\"U Turn Coaching\",\"description\":\"\",\"potentialAction\":[{\"@type\":\"SearchAction\",\"target\":{\"@type\":\"EntryPoint\",\"urlTemplate\":\"https:\\\/\\\/louisagoebes.com\\\/?s={search_term_string}\"},\"query-input\":{\"@type\":\"PropertyValueSpecification\",\"valueRequired\":true,\"valueName\":\"search_term_string\"}}],\"inLanguage\":\"en-US\"}]}<\/script>\n<!-- \/ Yoast SEO plugin. -->","yoast_head_json":{"title":"Datenschutzerkl\u00e4rung - U Turn Coaching","robots":{"index":"index","follow":"follow","max-snippet":"max-snippet:-1","max-image-preview":"max-image-preview:large","max-video-preview":"max-video-preview:-1"},"canonical":"https:\/\/louisagoebes.com\/en\/datenschutzerklarung\/","og_locale":"en_US","og_type":"article","og_title":"Datenschutzerkl\u00e4rung - U Turn Coaching","og_description":"Datenschutzerkl\u00e4rung Allgemeine HinweiseDiese Datenschutzerkl\u00e4rung informiert Sie \u00fcber die Art, den Umfang und den Zweck der Verarbeitung personenbezogener Daten auf unserer Website gem\u00e4\u00df der Datenschutz-Grundverordnung (DSGVO). Verantwortliche StelleVerantwortlich f\u00fcr die Datenverarbeitung auf dieser Website ist: Louisa G\u00f6bes &#8211; U Turn CoachingKornmarkt 869117 HeidelbergE-Mail: goebes.coaching@gmail.comTelefon: +49 176 41742810 Hosting und Server-LogfilesUnsere Website wird bei IONOS gehostet. Beim [&hellip;]","og_url":"https:\/\/louisagoebes.com\/en\/datenschutzerklarung\/","og_site_name":"U Turn Coaching","article_modified_time":"2025-02-26T10:13:43+00:00","twitter_card":"summary_large_image","twitter_misc":{"Est. reading time":"2 minutes"},"schema":{"@context":"https:\/\/schema.org","@graph":[{"@type":"WebPage","@id":"https:\/\/louisagoebes.com\/datenschutzerklarung\/","url":"https:\/\/louisagoebes.com\/datenschutzerklarung\/","name":"Datenschutzerkl\u00e4rung - U Turn Coaching","isPartOf":{"@id":"https:\/\/louisagoebes.com\/#website"},"datePublished":"2025-02-26T10:12:32+00:00","dateModified":"2025-02-26T10:13:43+00:00","breadcrumb":{"@id":"https:\/\/louisagoebes.com\/datenschutzerklarung\/#breadcrumb"},"inLanguage":"en-US","potentialAction":[{"@type":"ReadAction","target":["https:\/\/louisagoebes.com\/datenschutzerklarung\/"]}]},{"@type":"BreadcrumbList","@id":"https:\/\/louisagoebes.com\/datenschutzerklarung\/#breadcrumb","itemListElement":[{"@type":"ListItem","position":1,"name":"Home","item":"https:\/\/louisagoebes.com\/"},{"@type":"ListItem","position":2,"name":"Datenschutzerkl\u00e4rung"}]},{"@type":"WebSite","@id":"https:\/\/louisagoebes.com\/#website","url":"https:\/\/louisagoebes.com\/","name":"U Turn Coaching","description":"","potentialAction":[{"@type":"SearchAction","target":{"@type":"EntryPoint","urlTemplate":"https:\/\/louisagoebes.com\/?s={search_term_string}"},"query-input":{"@type":"PropertyValueSpecification","valueRequired":true,"valueName":"search_term_string"}}],"inLanguage":"en-US"}]}},"_links":{"self":[{"href":"https:\/\/louisagoebes.com\/en\/wp-json\/wp\/v2\/pages\/982","targetHints":{"allow":["GET"]}}],"collection":[{"href":"https:\/\/louisagoebes.com\/en\/wp-json\/wp\/v2\/pages"}],"about":[{"href":"https:\/\/louisagoebes.com\/en\/wp-json\/wp\/v2\/types\/page"}],"author":[{"embeddable":true,"href":"https:\/\/louisagoebes.com\/en\/wp-json\/wp\/v2\/users\/1"}],"replies":[{"embeddable":true,"href":"https:\/\/louisagoebes.com\/en\/wp-json\/wp\/v2\/comments?post=982"}],"version-history":[{"count":4,"href":"https:\/\/louisagoebes.com\/en\/wp-json\/wp\/v2\/pages\/982\/revisions"}],"predecessor-version":[{"id":986,"href":"https:\/\/louisagoebes.com\/en\/wp-json\/wp\/v2\/pages\/982\/revisions\/986"}],"wp:attachment":[{"href":"https:\/\/louisagoebes.com\/en\/wp-json\/wp\/v2\/media?parent=982"}],"curies":[{"name":"wp","href":"https:\/\/api.w.org\/{rel}","templated":true}]}}