{"id":63,"date":"2025-01-28T07:12:39","date_gmt":"2025-01-28T07:12:39","guid":{"rendered":"https:\/\/louisagoebes.com\/?page_id=63"},"modified":"2025-10-26T18:27:42","modified_gmt":"2025-10-26T18:27:42","slug":"kontakt","status":"publish","type":"page","link":"https:\/\/louisagoebes.com\/en\/kontakt\/","title":{"rendered":"Contact"},"content":{"rendered":"\t\t<div data-elementor-type=\"wp-page\" data-elementor-id=\"63\" class=\"elementor elementor-63\" data-elementor-post-type=\"page\">\n\t\t\t\t<div class=\"elementor-element elementor-element-5d5239d p-tb p-20 e-flex e-con-boxed e-con e-parent\" data-id=\"5d5239d\" data-element_type=\"container\" data-e-type=\"container\" data-settings=\"{&quot;background_background&quot;:&quot;gradient&quot;}\">\n\t\t\t\t\t<div class=\"e-con-inner\">\n\t\t\t\t\t<\/div>\n\t\t\t\t<\/div>\n\t\t<div class=\"elementor-element elementor-element-7b422ee p-20 p-tb e-flex e-con-boxed e-con e-parent\" data-id=\"7b422ee\" data-element_type=\"container\" data-e-type=\"container\">\n\t\t\t\t\t<div class=\"e-con-inner\">\n\t\t\t\t<div class=\"elementor-element elementor-element-734f54e elementor-widget__width-initial elementor-widget elementor-widget-heading\" data-id=\"734f54e\" data-element_type=\"widget\" data-e-type=\"widget\" data-widget_type=\"heading.default\">\n\t\t\t\t\t<h2 class=\"elementor-heading-title elementor-size-default\">Kontaktieren Sie mich heute f\u00fcr ein unverbindliches Erstgespr\u00e4ch.<\/h2>\t\t\t\t<\/div>\n\t\t\t\t<div class=\"elementor-element elementor-element-c483c19 elementor-widget__width-initial elementor-widget elementor-widget-text-editor\" data-id=\"c483c19\" data-element_type=\"widget\" data-e-type=\"widget\" data-widget_type=\"text-editor.default\">\n\t\t\t\t\t\t\t\t\t<p>Falls Sie noch Fragen haben, mehr Informationen \u00fcber das Coaching bei mir ben\u00f6tigen oder einen Termin vereinbaren m\u00f6chten \u2013 z\u00f6gern Sie nicht, mich zu kontaktieren.<\/p>\t\t\t\t\t\t\t\t<\/div>\n\t\t<div class=\"elementor-element elementor-element-5d13f7d e-grid e-con-full e-con e-child\" data-id=\"5d13f7d\" data-element_type=\"container\" data-e-type=\"container\">\n\t\t<div class=\"elementor-element elementor-element-fd9c60c e-con-full e-flex e-con e-child\" data-id=\"fd9c60c\" data-element_type=\"container\" data-e-type=\"container\">\n\t\t\t\t<div class=\"elementor-element elementor-element-4c4bd33 elementor-widget__width-initial elementor-widget-mobile__width-inherit elementor-widget elementor-widget-heading\" data-id=\"4c4bd33\" data-element_type=\"widget\" data-e-type=\"widget\" data-widget_type=\"heading.default\">\n\t\t\t\t\t<h2 class=\"elementor-heading-title elementor-size-default\">\ud83d\udccd Adresse:\n<\/h2>\t\t\t\t<\/div>\n\t\t\t\t<div class=\"elementor-element elementor-element-65678c0 elementor-widget elementor-widget-text-editor\" data-id=\"65678c0\" data-element_type=\"widget\" data-e-type=\"widget\" data-widget_type=\"text-editor.default\">\n\t\t\t\t\t\t\t\t\t<p>Louisa G\u00f6bes, Kornmarkt 8, 69117 Heidelberg<\/p>\t\t\t\t\t\t\t\t<\/div>\n\t\t\t\t<\/div>\n\t\t<div class=\"elementor-element elementor-element-fe9ce1a e-con-full e-flex e-con e-child\" data-id=\"fe9ce1a\" data-element_type=\"container\" data-e-type=\"container\">\n\t\t\t\t<div class=\"elementor-element elementor-element-e829b61 elementor-widget elementor-widget-heading\" data-id=\"e829b61\" data-element_type=\"widget\" data-e-type=\"widget\" data-widget_type=\"heading.default\">\n\t\t\t\t\t<h2 class=\"elementor-heading-title elementor-size-default\">\ud83d\udce7 E-Mail:<\/h2>\t\t\t\t<\/div>\n\t\t\t\t<div class=\"elementor-element elementor-element-55eeafc elementor-widget elementor-widget-text-editor\" data-id=\"55eeafc\" data-element_type=\"widget\" data-e-type=\"widget\" data-widget_type=\"text-editor.default\">\n\t\t\t\t\t\t\t\t\t<p><a href=\"mailto:goebes.coaching@gmail.com\">goebes.coaching@gmail.com<\/a><\/p>\t\t\t\t\t\t\t\t<\/div>\n\t\t\t\t<\/div>\n\t\t<div class=\"elementor-element elementor-element-2f78432 e-con-full e-flex e-con e-child\" data-id=\"2f78432\" data-element_type=\"container\" data-e-type=\"container\">\n\t\t\t\t<div class=\"elementor-element elementor-element-e93606f elementor-widget__width-initial elementor-widget-mobile__width-inherit elementor-widget elementor-widget-heading\" data-id=\"e93606f\" data-element_type=\"widget\" data-e-type=\"widget\" data-widget_type=\"heading.default\">\n\t\t\t\t\t<h2 class=\"elementor-heading-title elementor-size-default\">\ud83d\udcde Telefon:<\/h2>\t\t\t\t<\/div>\n\t\t\t\t<div class=\"elementor-element elementor-element-86b7d7a elementor-widget elementor-widget-text-editor\" data-id=\"86b7d7a\" data-element_type=\"widget\" data-e-type=\"widget\" data-widget_type=\"text-editor.default\">\n\t\t\t\t\t\t\t\t\t<p><a href=\"tel:004917641742810\">004917641742810<\/a><\/p>\t\t\t\t\t\t\t\t<\/div>\n\t\t\t\t<\/div>\n\t\t\t\t<\/div>\n\t\t\t\t\t<\/div>\n\t\t\t\t<\/div>\n\t\t<div class=\"elementor-element elementor-element-412945b p-tb p-20 e-flex e-con-boxed e-con e-parent\" data-id=\"412945b\" data-element_type=\"container\" data-e-type=\"container\" data-settings=\"{&quot;background_background&quot;:&quot;classic&quot;}\">\n\t\t\t\t\t<div class=\"e-con-inner\">\n\t\t<div class=\"elementor-element elementor-element-e4983dd e-con-full e-flex e-con e-child\" data-id=\"e4983dd\" data-element_type=\"container\" data-e-type=\"container\" data-settings=\"{&quot;background_background&quot;:&quot;classic&quot;}\">\n\t\t\t\t<\/div>\n\t\t<div class=\"elementor-element elementor-element-a8854e1 e-con-full e-flex e-con e-child\" data-id=\"a8854e1\" data-element_type=\"container\" data-e-type=\"container\">\n\t\t\t\t<div class=\"elementor-element elementor-element-77557a7 elementor-widget elementor-widget-heading\" data-id=\"77557a7\" data-element_type=\"widget\" data-e-type=\"widget\" data-widget_type=\"heading.default\">\n\t\t\t\t\t<h2 class=\"elementor-heading-title elementor-size-default\">Vereinbaren Sie einen Termin<\/h2>\t\t\t\t<\/div>\n\t\t\t\t<div class=\"elementor-element elementor-element-10bad99 elementor-widget elementor-widget-text-editor\" data-id=\"10bad99\" data-element_type=\"widget\" data-e-type=\"widget\" data-widget_type=\"text-editor.default\">\n\t\t\t\t\t\t\t\t\t<p>Interessieren Sie sich f\u00fcr Coaching- oder Therapiesitzungen? Lassen Sie uns besprechen, wie ich Sie unterst\u00fctzen kann. Kontaktieren Sie mich, um eine Beratung zu buchen.<\/p>\t\t\t\t\t\t\t\t<\/div>\n\t\t\t\t<div class=\"elementor-element elementor-element-48a0205 elementor-button-align-stretch elementor-widget elementor-widget-form\" data-id=\"48a0205\" data-element_type=\"widget\" data-e-type=\"widget\" data-settings=\"{&quot;step_next_label&quot;:&quot;Next&quot;,&quot;step_previous_label&quot;:&quot;Previous&quot;,&quot;button_width&quot;:&quot;100&quot;,&quot;step_type&quot;:&quot;number_text&quot;,&quot;step_icon_shape&quot;:&quot;circle&quot;}\" data-widget_type=\"form.default\">\n\t\t\t\t\t\t\t<form class=\"elementor-form\" method=\"post\" name=\"Contact Form\" aria-label=\"Contact Form\">\n\t\t\t<input type=\"hidden\" name=\"post_id\" value=\"63\"\/>\n\t\t\t<input type=\"hidden\" name=\"form_id\" value=\"48a0205\"\/>\n\t\t\t<input type=\"hidden\" name=\"referer_title\" value=\"Kontakt - U Turn Coaching\" \/>\n\n\t\t\t\t\t\t\t<input type=\"hidden\" name=\"queried_id\" value=\"63\"\/>\n\t\t\t\n\t\t\t<div class=\"elementor-form-fields-wrapper elementor-labels-\">\n\t\t\t\t\t\t\t\t<div class=\"elementor-field-type-text elementor-field-group elementor-column elementor-field-group-field_56e28d1 elementor-col-50\">\n\t\t\t\t\t\t\t\t\t\t\t\t<label for=\"form-field-field_56e28d1\" class=\"elementor-field-label elementor-screen-only\">\n\t\t\t\t\t\t\t\tName\t\t\t\t\t\t\t<\/label>\n\t\t\t\t\t\t\t\t\t\t\t\t\t\t<input size=\"1\" type=\"text\" name=\"form_fields[field_56e28d1]\" id=\"form-field-field_56e28d1\" class=\"elementor-field elementor-size-lg  elementor-field-textual\" placeholder=\"Name\">\n\t\t\t\t\t\t\t\t\t\t\t<\/div>\n\t\t\t\t\t\t\t\t<div class=\"elementor-field-type-email elementor-field-group elementor-column elementor-field-group-email elementor-col-50 elementor-field-required\">\n\t\t\t\t\t\t\t\t\t\t\t\t<label for=\"form-field-email\" class=\"elementor-field-label elementor-screen-only\">\n\t\t\t\t\t\t\t\tIhre E-Mail\t\t\t\t\t\t\t<\/label>\n\t\t\t\t\t\t\t\t\t\t\t\t\t\t<input size=\"1\" type=\"email\" name=\"form_fields[email]\" id=\"form-field-email\" class=\"elementor-field elementor-size-lg  elementor-field-textual\" placeholder=\"Ihre E-Mail\" required=\"required\">\n\t\t\t\t\t\t\t\t\t\t\t<\/div>\n\t\t\t\t\t\t\t\t<div class=\"elementor-field-type-tel elementor-field-group elementor-column elementor-field-group-field_3b5dc28 elementor-col-100 elementor-field-required\">\n\t\t\t\t\t\t\t\t\t\t\t\t<label for=\"form-field-field_3b5dc28\" class=\"elementor-field-label elementor-screen-only\">\n\t\t\t\t\t\t\t\tIhre Telefonnummer\t\t\t\t\t\t\t<\/label>\n\t\t\t\t\t\t\t\t<input size=\"1\" type=\"tel\" name=\"form_fields[field_3b5dc28]\" id=\"form-field-field_3b5dc28\" class=\"elementor-field elementor-size-lg  elementor-field-textual\" placeholder=\"Ihre Telefonnummer\" required=\"required\" pattern=\"[0-9()#&amp;+*-=.]+\" title=\"Only numbers and phone characters (#, -, *, etc) are accepted.\">\n\n\t\t\t\t\t\t<\/div>\n\t\t\t\t\t\t\t\t<div class=\"elementor-field-type-textarea elementor-field-group elementor-column elementor-field-group-message elementor-col-100\">\n\t\t\t\t\t\t\t\t\t\t\t\t<label for=\"form-field-message\" class=\"elementor-field-label elementor-screen-only\">\n\t\t\t\t\t\t\t\tNachricht\t\t\t\t\t\t\t<\/label>\n\t\t\t\t\t\t<textarea class=\"elementor-field-textual elementor-field  elementor-size-lg\" name=\"form_fields[message]\" id=\"form-field-message\" rows=\"4\" placeholder=\"Nachricht\"><\/textarea>\t\t\t\t<\/div>\n\t\t\t\t\t\t\t\t<div class=\"elementor-field-group elementor-column elementor-field-type-submit elementor-col-100 e-form__buttons\">\n\t\t\t\t\t<button class=\"elementor-button elementor-size-sm\" type=\"submit\">\n\t\t\t\t\t\t<span class=\"elementor-button-content-wrapper\">\n\t\t\t\t\t\t\t\t\t\t\t\t\t\t\t\t\t\t\t\t\t\t<span class=\"elementor-button-text\">Absenden<\/span>\n\t\t\t\t\t\t\t\t\t\t\t\t\t<\/span>\n\t\t\t\t\t<\/button>\n\t\t\t\t<\/div>\n\t\t\t<\/div>\n\t\t<\/form>\n\t\t\t\t\t\t<\/div>\n\t\t\t\t<\/div>\n\t\t\t\t\t<\/div>\n\t\t\t\t<\/div>\n\t\t\t\t<\/div>\n\t\t","protected":false},"excerpt":{"rendered":"<p>Kontaktieren Sie mich heute f\u00fcr ein unverbindliches Erstgespr\u00e4ch. Falls Sie noch Fragen haben, mehr Informationen \u00fcber das Coaching bei mir ben\u00f6tigen oder einen Termin vereinbaren m\u00f6chten \u2013 z\u00f6gern Sie nicht, mich zu kontaktieren. \ud83d\udccd Adresse: Louisa G\u00f6bes, Kornmarkt 8, 69117 Heidelberg \ud83d\udce7 E-Mail: goebes.coaching@gmail.com \ud83d\udcde Telefon: 004917641742810 Vereinbaren Sie einen Termin Interessieren Sie sich f\u00fcr [&hellip;]<\/p>\n","protected":false},"author":1,"featured_media":0,"parent":0,"menu_order":0,"comment_status":"closed","ping_status":"closed","template":"","meta":{"_acf_changed":false,"footnotes":""},"class_list":["post-63","page","type-page","status-publish","hentry"],"acf":[],"yoast_head":"<!-- This site is optimized with the Yoast SEO plugin v27.3 - https:\/\/yoast.com\/product\/yoast-seo-wordpress\/ -->\n<title>Kontakt - U Turn Coaching<\/title>\n<meta name=\"robots\" content=\"index, follow, max-snippet:-1, max-image-preview:large, max-video-preview:-1\" \/>\n<link rel=\"canonical\" href=\"https:\/\/louisagoebes.com\/en\/kontakt\/\" \/>\n<meta property=\"og:locale\" content=\"en_US\" \/>\n<meta property=\"og:type\" content=\"article\" \/>\n<meta property=\"og:title\" content=\"Kontakt - U Turn Coaching\" \/>\n<meta property=\"og:description\" content=\"Kontaktieren Sie mich heute f\u00fcr ein unverbindliches Erstgespr\u00e4ch. Falls Sie noch Fragen haben, mehr Informationen \u00fcber das Coaching bei mir ben\u00f6tigen oder einen Termin vereinbaren m\u00f6chten \u2013 z\u00f6gern Sie nicht, mich zu kontaktieren. \ud83d\udccd Adresse: Louisa G\u00f6bes, Kornmarkt 8, 69117 Heidelberg \ud83d\udce7 E-Mail: goebes.coaching@gmail.com \ud83d\udcde Telefon: 004917641742810 Vereinbaren Sie einen Termin Interessieren Sie sich f\u00fcr [&hellip;]\" \/>\n<meta property=\"og:url\" content=\"https:\/\/louisagoebes.com\/en\/kontakt\/\" \/>\n<meta property=\"og:site_name\" content=\"U Turn Coaching\" \/>\n<meta property=\"article:modified_time\" content=\"2025-10-26T18:27:42+00:00\" \/>\n<meta name=\"twitter:card\" content=\"summary_large_image\" \/>\n<meta name=\"twitter:label1\" content=\"Est. reading time\" \/>\n\t<meta name=\"twitter:data1\" content=\"2 minutes\" \/>\n<script type=\"application\/ld+json\" class=\"yoast-schema-graph\">{\"@context\":\"https:\\\/\\\/schema.org\",\"@graph\":[{\"@type\":\"WebPage\",\"@id\":\"https:\\\/\\\/louisagoebes.com\\\/kontakt\\\/\",\"url\":\"https:\\\/\\\/louisagoebes.com\\\/kontakt\\\/\",\"name\":\"Kontakt - U Turn Coaching\",\"isPartOf\":{\"@id\":\"https:\\\/\\\/louisagoebes.com\\\/#website\"},\"datePublished\":\"2025-01-28T07:12:39+00:00\",\"dateModified\":\"2025-10-26T18:27:42+00:00\",\"breadcrumb\":{\"@id\":\"https:\\\/\\\/louisagoebes.com\\\/kontakt\\\/#breadcrumb\"},\"inLanguage\":\"en-US\",\"potentialAction\":[{\"@type\":\"ReadAction\",\"target\":[\"https:\\\/\\\/louisagoebes.com\\\/kontakt\\\/\"]}]},{\"@type\":\"BreadcrumbList\",\"@id\":\"https:\\\/\\\/louisagoebes.com\\\/kontakt\\\/#breadcrumb\",\"itemListElement\":[{\"@type\":\"ListItem\",\"position\":1,\"name\":\"Home\",\"item\":\"https:\\\/\\\/louisagoebes.com\\\/\"},{\"@type\":\"ListItem\",\"position\":2,\"name\":\"Kontakt\"}]},{\"@type\":\"WebSite\",\"@id\":\"https:\\\/\\\/louisagoebes.com\\\/#website\",\"url\":\"https:\\\/\\\/louisagoebes.com\\\/\",\"name\":\"U Turn Coaching\",\"description\":\"\",\"potentialAction\":[{\"@type\":\"SearchAction\",\"target\":{\"@type\":\"EntryPoint\",\"urlTemplate\":\"https:\\\/\\\/louisagoebes.com\\\/?s={search_term_string}\"},\"query-input\":{\"@type\":\"PropertyValueSpecification\",\"valueRequired\":true,\"valueName\":\"search_term_string\"}}],\"inLanguage\":\"en-US\"}]}<\/script>\n<!-- \/ Yoast SEO plugin. -->","yoast_head_json":{"title":"Kontakt - U Turn Coaching","robots":{"index":"index","follow":"follow","max-snippet":"max-snippet:-1","max-image-preview":"max-image-preview:large","max-video-preview":"max-video-preview:-1"},"canonical":"https:\/\/louisagoebes.com\/en\/kontakt\/","og_locale":"en_US","og_type":"article","og_title":"Kontakt - U Turn Coaching","og_description":"Kontaktieren Sie mich heute f\u00fcr ein unverbindliches Erstgespr\u00e4ch. Falls Sie noch Fragen haben, mehr Informationen \u00fcber das Coaching bei mir ben\u00f6tigen oder einen Termin vereinbaren m\u00f6chten \u2013 z\u00f6gern Sie nicht, mich zu kontaktieren. \ud83d\udccd Adresse: Louisa G\u00f6bes, Kornmarkt 8, 69117 Heidelberg \ud83d\udce7 E-Mail: goebes.coaching@gmail.com \ud83d\udcde Telefon: 004917641742810 Vereinbaren Sie einen Termin Interessieren Sie sich f\u00fcr [&hellip;]","og_url":"https:\/\/louisagoebes.com\/en\/kontakt\/","og_site_name":"U Turn Coaching","article_modified_time":"2025-10-26T18:27:42+00:00","twitter_card":"summary_large_image","twitter_misc":{"Est. reading time":"2 minutes"},"schema":{"@context":"https:\/\/schema.org","@graph":[{"@type":"WebPage","@id":"https:\/\/louisagoebes.com\/kontakt\/","url":"https:\/\/louisagoebes.com\/kontakt\/","name":"Kontakt - U Turn Coaching","isPartOf":{"@id":"https:\/\/louisagoebes.com\/#website"},"datePublished":"2025-01-28T07:12:39+00:00","dateModified":"2025-10-26T18:27:42+00:00","breadcrumb":{"@id":"https:\/\/louisagoebes.com\/kontakt\/#breadcrumb"},"inLanguage":"en-US","potentialAction":[{"@type":"ReadAction","target":["https:\/\/louisagoebes.com\/kontakt\/"]}]},{"@type":"BreadcrumbList","@id":"https:\/\/louisagoebes.com\/kontakt\/#breadcrumb","itemListElement":[{"@type":"ListItem","position":1,"name":"Home","item":"https:\/\/louisagoebes.com\/"},{"@type":"ListItem","position":2,"name":"Kontakt"}]},{"@type":"WebSite","@id":"https:\/\/louisagoebes.com\/#website","url":"https:\/\/louisagoebes.com\/","name":"U Turn Coaching","description":"","potentialAction":[{"@type":"SearchAction","target":{"@type":"EntryPoint","urlTemplate":"https:\/\/louisagoebes.com\/?s={search_term_string}"},"query-input":{"@type":"PropertyValueSpecification","valueRequired":true,"valueName":"search_term_string"}}],"inLanguage":"en-US"}]}},"_links":{"self":[{"href":"https:\/\/louisagoebes.com\/en\/wp-json\/wp\/v2\/pages\/63","targetHints":{"allow":["GET"]}}],"collection":[{"href":"https:\/\/louisagoebes.com\/en\/wp-json\/wp\/v2\/pages"}],"about":[{"href":"https:\/\/louisagoebes.com\/en\/wp-json\/wp\/v2\/types\/page"}],"author":[{"embeddable":true,"href":"https:\/\/louisagoebes.com\/en\/wp-json\/wp\/v2\/users\/1"}],"replies":[{"embeddable":true,"href":"https:\/\/louisagoebes.com\/en\/wp-json\/wp\/v2\/comments?post=63"}],"version-history":[{"count":116,"href":"https:\/\/louisagoebes.com\/en\/wp-json\/wp\/v2\/pages\/63\/revisions"}],"predecessor-version":[{"id":1372,"href":"https:\/\/louisagoebes.com\/en\/wp-json\/wp\/v2\/pages\/63\/revisions\/1372"}],"wp:attachment":[{"href":"https:\/\/louisagoebes.com\/en\/wp-json\/wp\/v2\/media?parent=63"}],"curies":[{"name":"wp","href":"https:\/\/api.w.org\/{rel}","templated":true}]}}